{"id":191,"date":"2017-08-06T14:45:31","date_gmt":"2017-08-06T14:45:31","guid":{"rendered":"http:\/\/146.83.132.55\/?page_id=191"},"modified":"2019-02-17T17:52:13","modified_gmt":"2019-02-17T17:52:13","slug":"aplicaciones-mmsi","status":"publish","type":"page","link":"https:\/\/www.picalab.cl\/index.php\/sample-page\/aplicaciones-mmsi\/","title":{"rendered":"\u00bfQu\u00e9 es PicaLab ? Qu\u00e9 son los  M\u00f3dulos de Musi-Matem\u00e1ticas Sonoras Interactivas(MMSI)?"},"content":{"rendered":"<p><img decoding=\"async\" loading=\"lazy\" class=\"alignright size-full wp-image-208\" src=\"http:\/\/146.83.132.55\/wp-content\/uploads\/2017\/07\/escudof_negro-e1502077000485.jpg\" alt=\"\" width=\"100\" height=\"100\" \/>PICALAB es el nombre del Proyecto TIC-EDU del Programa FONDEF-CONICYT 2010:Laboratorio Virtual para el Programa de Innovaci\u00f3n en Ciencias y Arte que ha implementado la <a href=\"http:\/\/www.umce.cl\/\">Universidad Metropolitana de Ciencias de la Educaci\u00f3n.<br \/>\n<\/a><br \/>\n<iframe loading=\"lazy\" src=\"https:\/\/www.youtube.com\/embed\/mASgWIMkHXU\" width=\"560\" height=\"315\" frameborder=\"0\" allowfullscreen=\"allowfullscreen\"><\/iframe><br \/>\nEste proyecto, surge en el Departamento de M\u00fasica de la Universidad Metropolitana de Ciencias de la Educaci\u00f3n y consider\u00f3 la creaci\u00f3n de un laboratorio virtual que se oriente a la creaci\u00f3n de programas (software educativo y material pedag\u00f3gico complementario) de ayuda para el aprendizaje de la Ciencia, relacionanda complementariamente a las Artes.<br \/>\nAhora, el foco inicial est\u00e1 centrado en la Matem\u00e1tica y en la M\u00fasica, y se pretende que posteriormente se desarrollen otras l\u00edneas relacionadas como, por ejemplo:, Biolog\u00eda\/Artes Visuales; , F\u00edsica\/Artes del Movimiento, y otras posibilidades que indudablemente surgir\u00e1n en la medida que se desarrolle el proyecto.<\/p>\n<p><strong>M\u00f3dulos Did\u00e1cticos de Musi-Matem\u00e1ticas Sonoras Interactivas ( MMSI )<\/strong><\/p>\n<p>As\u00ed, en esta etapa del proyecto Picalab se considera como ejes a la M\u00fasica y las Matem\u00e1ticas, dando origen al programa\u00a0MusiMatem\u00e1tica\u00a0(MMSI) que comprende el desarrollo de un software de\u00a0actividades l\u00fadicas, Sonoro-Musicales,\u00a0 cuyo objetivo es apoyar los procesos de aprendizaje de\u00a0determinados Objetivos Fundamentales y Contenidos M\u00ednimos Obligatorios del subsector de matem\u00e1tica se\u00f1alados en la Actualizaci\u00f3n Curricular 2012 para 3\u00ba, 4\u00ba y 5\u00ba a\u00f1o b\u00e1sico; todo lo cual ser\u00e1 de distribuci\u00f3n gratuita.<\/p>\n<p>La estrategia planteada en esta iniciativa, con un enfoque inspirado en la teor\u00eda de las inteligencias m\u00faltiples (Gardner, 1987), es captar un gran n\u00famero de estudiantes a trav\u00e9s de una herramienta que despierte el inter\u00e9s y amor por las matem\u00e1ticas a partir de actividades musicales interactivas apoy\u00e1ndonos en el paradigma de la programaci\u00f3n orientada al objeto.<br \/>\nLos ni\u00f1os podr\u00e1n experimentar\u00a0 e interactuar con sonidos y secuencias musicales obteniendo distintos resultados sonoros musicales que se generan inmediatamente seg\u00fan los conceptos matem\u00e1ticos en juego.<\/p>\n<p>HERRAMIENTA<\/p>\n<p>Picalab,\u00a0 quiere aprovechar los resultados pr\u00e1cticos de los adelantos del software de programaci\u00f3n gr\u00e1fica\u00a0Pure Data (PD),\u00a0 para generar la representaci\u00f3n en tiempo real de los procesos matem\u00e1tico-musicales\u00a0 permitiendo\u00a0 a los estudiantes y profesores experimentar din\u00e1micamente,\u00a0a trav\u00e9s de met\u00e1foras sonoro-musicales, apoyadas con\u00a0 representaciones gr\u00e1ficas, video y con control de sus variables algor\u00edtmicas en tiempo real, considerando un fuerte componente motivacional orientado hacia la experimentaci\u00f3n y creaci\u00f3n con las matem\u00e1ticas.<\/p>\n<p>CONTENIDOS<\/p>\n<p>Creemos que la penetraci\u00f3n generalizada de las tecnolog\u00edas de la m\u00fasica y el audio digital\u00a0 que Castells (1996) plantea\u00a0\u00a0 en su libro \u201cLa Era de la Informaci\u00f3n\u201d,\u00a0 se han transformado es un recurso motivacional que favorece la relaci\u00f3n entre m\u00fasica,\u00a0 tecnolog\u00eda y el curr\u00edculo matem\u00e1tico.\u00a0 Picalab puede facilitar que estudiantes aborden &#8220;Contenidos M\u00ednimos Obligatorios (CMO), de los cuatro ejes de los mapas de progreso del aprendizaje del curr\u00edculo de matem\u00e1tica del MINEDUC (2012):<\/p>\n<p><strong>1- N\u00fameros<br \/>\n2-\u00a0Algebra<br \/>\n3-\u00a0Geometr\u00eda<br \/>\n4-\u00a0Datos y Azar<br \/>\n5- Mediciones\u00a0<\/strong><\/p>\n<p>EL EQUIPO<\/p>\n<p>Para lograr este objetivo, Picalab ha convocado un equipo multidisciplinario de expertos en matem\u00e1ticas aplicadas, en Arte y Tecnolog\u00eda, programadores de vasta experiencia en Pure Data, expertos en redes e Internet, compositores, dise\u00f1adores gr\u00e1ficos y pedag\u00f3gicos, ingenieros en sonido y expertos en did\u00e1ctica de la m\u00fasica e inform\u00e1tica educativa, para desarrollar este paquete pedag\u00f3gico\/tecnol\u00f3gico virtual.<\/p>\n<p>PROYECCI\u00d3N<\/p>\n<p>Picalab es una iniciativa con inimaginables proyecciones, ya que tambi\u00e9n podr\u00eda tener claros alcances en la instrumentalizaci\u00f3n de actividades utilizando sensores, para integrar mayor interactividad, usando las capacidades de transformar magnitudes f\u00edsicas o qu\u00edmicas, en variables de voltaje y luego en datos utilizables en tiempo real por PD.<\/p>\n<p>Deliberadamente, este fase de desarrollo presenta s\u00f3lo las capacidades de interacci\u00f3n posibles por cualquier PC Multimedia com\u00fan, con una tarjeta de audio con un par de parlantes, teclado alfanum\u00e9rico y mouse.<\/p>\n<p>PD nace del paradigma de programaci\u00f3n orientado al objeto por lo que hemos elegido primero concentrarnos, y presentar su desarrollar solo con la infraestructura y elementos est\u00e1ndares que conforman un PC multimedia.<\/p>\n<p>No obstante, las aplicaciones desarrolladas en PD,\u00a0 pueden ser programadas para ser conectadas a todo tipo de controladores o captores perif\u00e9ricos an\u00e1logo\/digitales, si en el establecimiento educacional, el profesor o el estudiante, disponen de un uno y quieran experimentar us\u00e1ndolo como control gestual o con instrumentos de medici\u00f3n f\u00edsica (sensores). Para estos efectos tambi\u00e9n se podr\u00edan usar Webcams, micr\u00f3fonos, superficies de control, sensores, instrumentos musicales MIDI, conversores an\u00e1logos digitales, u otros elementos tecnol\u00f3gicos disponibles.<\/p>\n<p>&nbsp;<\/p>\n<p><a href=\"http:\/\/146.83.132.55\/wp-content\/uploads\/2017\/08\/Manual-final-v3-31_b-julio_Manual_Picalab.pdf\">Manual-final v3 31_b Julio_2013 _Manual_Picalab<\/a><\/p>\n<p><a href=\"http:\/\/146.83.132.55\/index.php\/sample-page\/videos-picalab-2\/\">Ver Videos de M\u00f3dulos MMSI<\/a><\/p>\n<p><img decoding=\"async\" loading=\"lazy\" class=\"alignright size-full wp-image-192\" src=\"http:\/\/146.83.132.55\/wp-content\/uploads\/2017\/08\/ag-info.jpg\" alt=\"\" width=\"798\" height=\"807\" srcset=\"https:\/\/www.picalab.cl\/wp-content\/uploads\/2017\/08\/ag-info.jpg 798w, https:\/\/www.picalab.cl\/wp-content\/uploads\/2017\/08\/ag-info-297x300.jpg 297w, https:\/\/www.picalab.cl\/wp-content\/uploads\/2017\/08\/ag-info-768x777.jpg 768w\" sizes=\"(max-width: 798px) 85vw, 798px\" \/><\/p>\n<p><img decoding=\"async\" loading=\"lazy\" class=\"alignnone size-medium wp-image-196\" src=\"http:\/\/146.83.132.55\/wp-content\/uploads\/2017\/08\/MP-info-300x274.jpg\" alt=\"\" width=\"300\" height=\"274\" srcset=\"https:\/\/www.picalab.cl\/wp-content\/uploads\/2017\/08\/MP-info-300x274.jpg 300w, https:\/\/www.picalab.cl\/wp-content\/uploads\/2017\/08\/MP-info-768x703.jpg 768w, https:\/\/www.picalab.cl\/wp-content\/uploads\/2017\/08\/MP-info.jpg 882w\" sizes=\"(max-width: 300px) 85vw, 300px\" \/><\/p>\n","protected":false},"excerpt":{"rendered":"<p>PICALAB es el nombre del Proyecto TIC-EDU del Programa FONDEF-CONICYT 2010:Laboratorio Virtual para el Programa de Innovaci\u00f3n en Ciencias y Arte que ha implementado la Universidad Metropolitana de Ciencias de la Educaci\u00f3n. Este proyecto, surge en el Departamento de M\u00fasica de la Universidad Metropolitana de Ciencias de la Educaci\u00f3n y consider\u00f3 la creaci\u00f3n de un &hellip; <a href=\"https:\/\/www.picalab.cl\/index.php\/sample-page\/aplicaciones-mmsi\/\" class=\"more-link\">Continua leyendo<span class=\"screen-reader-text\"> &#8220;\u00bfQu\u00e9 es PicaLab ? Qu\u00e9 son los  M\u00f3dulos de Musi-Matem\u00e1ticas Sonoras Interactivas(MMSI)?&#8221;<\/span><\/a><\/p>\n","protected":false},"author":2,"featured_media":0,"parent":2,"menu_order":0,"comment_status":"closed","ping_status":"closed","template":"","meta":[],"_links":{"self":[{"href":"https:\/\/www.picalab.cl\/index.php\/wp-json\/wp\/v2\/pages\/191"}],"collection":[{"href":"https:\/\/www.picalab.cl\/index.php\/wp-json\/wp\/v2\/pages"}],"about":[{"href":"https:\/\/www.picalab.cl\/index.php\/wp-json\/wp\/v2\/types\/page"}],"author":[{"embeddable":true,"href":"https:\/\/www.picalab.cl\/index.php\/wp-json\/wp\/v2\/users\/2"}],"replies":[{"embeddable":true,"href":"https:\/\/www.picalab.cl\/index.php\/wp-json\/wp\/v2\/comments?post=191"}],"version-history":[{"count":12,"href":"https:\/\/www.picalab.cl\/index.php\/wp-json\/wp\/v2\/pages\/191\/revisions"}],"predecessor-version":[{"id":505,"href":"https:\/\/www.picalab.cl\/index.php\/wp-json\/wp\/v2\/pages\/191\/revisions\/505"}],"up":[{"embeddable":true,"href":"https:\/\/www.picalab.cl\/index.php\/wp-json\/wp\/v2\/pages\/2"}],"wp:attachment":[{"href":"https:\/\/www.picalab.cl\/index.php\/wp-json\/wp\/v2\/media?parent=191"}],"curies":[{"name":"wp","href":"https:\/\/api.w.org\/{rel}","templated":true}]}}