{"id":256,"date":"2017-09-29T11:52:39","date_gmt":"2017-09-29T11:52:39","guid":{"rendered":"http:\/\/146.83.132.55\/?page_id=256"},"modified":"2021-07-17T23:27:50","modified_gmt":"2021-07-17T23:27:50","slug":"plataforma-de-educacion-musical","status":"publish","type":"page","link":"https:\/\/www.picalab.cl\/index.php\/plataforma-de-educacion-musical\/","title":{"rendered":"Plataforma de Educaci\u00f3n Musical"},"content":{"rendered":"<p>Cursos CCICree :<a href=\"http:\/\/cursos-picalab.umce.cl\/moodle\/\"> http:\/\/cursos-picalab.umce.cl\/moodle\/<\/a><\/p>\n<p>Curso : <a href=\"https:\/\/musico.cl\/cursos\/\">Creaci\u00f3n Musical en el universo de las Matem\u00e1ticas (pr\u00f3ximamente)<\/a><\/p>\n","protected":false},"excerpt":{"rendered":"<p>Cursos CCICree : http:\/\/cursos-picalab.umce.cl\/moodle\/ Curso : Creaci\u00f3n Musical en el universo de las Matem\u00e1ticas (pr\u00f3ximamente)<\/p>\n","protected":false},"author":2,"featured_media":0,"parent":0,"menu_order":0,"comment_status":"closed","ping_status":"closed","template":"","meta":[],"_links":{"self":[{"href":"https:\/\/www.picalab.cl\/index.php\/wp-json\/wp\/v2\/pages\/256"}],"collection":[{"href":"https:\/\/www.picalab.cl\/index.php\/wp-json\/wp\/v2\/pages"}],"about":[{"href":"https:\/\/www.picalab.cl\/index.php\/wp-json\/wp\/v2\/types\/page"}],"author":[{"embeddable":true,"href":"https:\/\/www.picalab.cl\/index.php\/wp-json\/wp\/v2\/users\/2"}],"replies":[{"embeddable":true,"href":"https:\/\/www.picalab.cl\/index.php\/wp-json\/wp\/v2\/comments?post=256"}],"version-history":[{"count":3,"href":"https:\/\/www.picalab.cl\/index.php\/wp-json\/wp\/v2\/pages\/256\/revisions"}],"predecessor-version":[{"id":926,"href":"https:\/\/www.picalab.cl\/index.php\/wp-json\/wp\/v2\/pages\/256\/revisions\/926"}],"wp:attachment":[{"href":"https:\/\/www.picalab.cl\/index.php\/wp-json\/wp\/v2\/media?parent=256"}],"curies":[{"name":"wp","href":"https:\/\/api.w.org\/{rel}","templated":true}]}}