{"id":375,"date":"2017-11-25T17:32:00","date_gmt":"2017-11-25T17:32:00","guid":{"rendered":"http:\/\/146.83.132.55\/?page_id=375"},"modified":"2021-07-31T20:33:16","modified_gmt":"2021-07-31T20:33:16","slug":"url","status":"publish","type":"page","link":"https:\/\/www.picalab.cl\/index.php\/url\/","title":{"rendered":"Recursos"},"content":{"rendered":"<p><strong><span style=\"vertical-align: inherit;\"><span style=\"vertical-align: inherit;\">Recursos\u00a0<\/span><\/span><\/strong><\/p>\n<p><strong><span style=\"vertical-align: inherit;\">Pure Data Versi\u00f3n 2021 <\/span><br \/>\n<span style=\"vertical-align: inherit;\">Enlace directo a instalador de Pure Data para Window: <\/span><\/strong><br \/>\n<a href=\"http:\/\/msp.ucsd.edu\/Software\/pd-0.51-0.windows-installer.exe\"><span style=\"vertical-align: inherit;\">http:\/\/msp.ucsd.edu\/Software\/pd-0.51-0.windows-installer.exe<\/span><\/a><\/p>\n<p><strong><span style=\"vertical-align: inherit;\">Software de Miller Puckette <\/span><br \/>\n<span style=\"vertical-align: inherit;\">(ACTUAL PUBLICACI\u00d3N ESTABLE, pd versi\u00f3n 0.51) <\/span><br \/>\n<\/strong><a href=\"http:\/\/msp.ucsd.edu\/software.html\"><span style=\"vertical-align: inherit;\">http:\/\/msp.ucsd.edu\/software.html<\/span><\/a><\/p>\n<p><strong><span style=\"vertical-align: inherit;\"><span style=\"vertical-align: inherit;\">Descarga <\/span><\/span><\/strong><br \/>\n<a href=\"http:\/\/media.picalab.cl\/repo\/descargas\/Pure_data_extended\/PC\/\"><span style=\"vertical-align: inherit;\"><span style=\"vertical-align: inherit;\">\u00a0Pure Data Extended-PC<\/span><\/span><\/a><\/p>\n<p><a href=\"http:\/\/media.picalab.cl\/repo\/descargas\/Pure_data_extended\/MAC\/\"><span style=\"vertical-align: inherit;\"><span style=\"vertical-align: inherit;\">Pure Data Extendido &#8211; MAC<\/span><\/span><\/a><\/p>\n<p><strong><span style=\"vertical-align: inherit;\"><span style=\"vertical-align: inherit;\">Descargar M\u00f3dulos MMSI <\/span><\/span><\/strong><br \/>\n<a href=\"http:\/\/media.picalab.cl\/repo\/descargas\/Audiofracciones\/\"><span style=\"vertical-align: inherit;\"><span style=\"vertical-align: inherit;\">AUDIOFRACCIONES <\/span><\/span><\/a><br \/>\n<a href=\"http:\/\/media.picalab.cl\/repo\/descargas\/Audioenteros\/\"><span style=\"vertical-align: inherit;\"><span style=\"vertical-align: inherit;\">AUDIOENTEROS <\/span><\/span><\/a><br \/>\n<a href=\"http:\/\/media.picalab.cl\/repo\/descargas\/Audiogr%c3%a1ficos\/\"><span style=\"vertical-align: inherit;\"><span style=\"vertical-align: inherit;\">AUDIOGRAFICOS <\/span><\/span><\/a><br \/>\n<a href=\"http:\/\/media.picalab.cl\/repo\/descargas\/Multipulso\/\"><span style=\"vertical-align: inherit;\"><span style=\"vertical-align: inherit;\">MULTIPULSO <\/span><\/span><\/a><br \/>\n<a href=\"http:\/\/media.picalab.cl\/repo\/descargas\/Infografias-picalab2019\/Gu%c3%adas%20MMSI\/GUIA%20PARA%20EL%20DOCENTE.pdf\"><span style=\"vertical-align: inherit;\"><span style=\"vertical-align: inherit;\">Gu\u00eda para el Docente<\/span><\/span><\/a><\/p>\n<p><strong><span style=\"vertical-align: inherit;\"><span style=\"vertical-align: inherit;\">Descarga Infograf\u00edas\u00a0 <\/span><\/span><\/strong><br \/>\n<a href=\"http:\/\/media.picalab.cl\/repo\/descargas\/Infografias-picalab2019\/AudioFracciones\/\"><span style=\"vertical-align: inherit;\"><span style=\"vertical-align: inherit;\">AUDIOFRACCIONES <\/span><\/span><\/a><br \/>\n<a href=\"http:\/\/media.picalab.cl\/repo\/descargas\/Infografias-picalab2019\/AudioEnteros\/\"><span style=\"vertical-align: inherit;\"><span style=\"vertical-align: inherit;\">AUDIOENTEROS <\/span><\/span><\/a><br \/>\n<a href=\"http:\/\/media.picalab.cl\/repo\/descargas\/Infografias-picalab2019\/AudioGraficos\/\"><span style=\"vertical-align: inherit;\"><span style=\"vertical-align: inherit;\">AUDIOGRAFICOS <\/span><\/span><\/a><br \/>\n<a href=\"http:\/\/media.picalab.cl\/repo\/descargas\/Infografias-picalab2019\/Multipulso\/\"><span style=\"vertical-align: inherit;\"><span style=\"vertical-align: inherit;\">MULTIPULSO<\/span><\/span><\/a><\/p>\n<p><span style=\"vertical-align: inherit;\"><span style=\"vertical-align: inherit;\">Descarga Directa <\/span><\/span><br \/>\n<span style=\"vertical-align: inherit;\"><span style=\"vertical-align: inherit;\">Versi\u00f3n recomendada para Window 7 <\/span><\/span><br \/>\n<span style=\"vertical-align: inherit;\"><span style=\"vertical-align: inherit;\">(Descarga <\/span><\/span><a href=\"http:\/\/sourceforge.net\/projects\/pure-data\/files\/pd-extended\/0.43.4\/Pd-0.43.4-extended-windowsxp-i386.exe\/download\"><span style=\"vertical-align: inherit;\"><span style=\"vertical-align: inherit;\">Pure Data 0.43.4)<\/span><\/span><\/a><\/p>\n<p><span style=\"vertical-align: inherit;\"><span style=\"vertical-align: inherit;\">Ventana Pure Data 10 <\/span><\/span><br \/>\n<a href=\"http:\/\/sourceforge.net\/projects\/pure-data\/files\/pd-extended\/0.42.5\/Pd-0.42.5-extended-windowsxp-i386.exe\/download\"><span style=\"vertical-align: inherit;\"><span style=\"vertical-align: inherit;\">Descarga Pure Data 0.42.5<\/span><\/span><\/a><\/p>\n<p><span style=\"vertical-align: inherit;\"><span style=\"vertical-align: inherit;\">Pure Data MAC OS <\/span><\/span><br \/>\n<a href=\"http:\/\/media.picalab.cl\/repo\/descargas\/Pure_data_extended\/MAC\/\"><span style=\"vertical-align: inherit;\"><span style=\"vertical-align: inherit;\">http:\/\/media.picalab.cl\/repo\/descargas\/Pure_data_extended\/MAC\/<\/span><\/span><\/a><\/p>\n<pre><span style=\"vertical-align: inherit;\"><span style=\"vertical-align: inherit;\">Si usted no pudo instalar las aplicaciones MMSI escribanos para mejorar:<\/span><\/span><span style=\"vertical-align: inherit;\"><span style=\"vertical-align: inherit;\">\npicalab@umce.cl<\/span><\/span><\/pre>\n<p><a href=\"http:\/\/cuinjune-purr-data.glitch.me\/\">Web. Purr DATA<\/a><\/p>\n<p><strong><span style=\"vertical-align: inherit;\"><span style=\"vertical-align: inherit;\">PUCV- Recursos Aua Virtual <\/span><\/span><br \/>\n<\/strong><a href=\"http:\/\/recursostic.ucv.cl\/wordpress\/\"><span style=\"vertical-align: inherit;\"><span style=\"vertical-align: inherit;\">http:\/\/recursostic.ucv.cl\/wordpress\/<\/span><\/span><\/a><\/p>\n<p><a href=\"http:\/\/aula.virtual.ucv.cl\/wordpress\/rol-estudiantes\/\"><span style=\"vertical-align: inherit;\"><span style=\"vertical-align: inherit;\">http:\/\/aula.virtual.ucv.cl\/wordpress\/rol-estudiantes\/<\/span><\/span><\/a><\/p>\n<p><a href=\"http:\/\/danieliglesia.com\/mobmuplat\/\"><span style=\"vertical-align: inherit;\"><span style=\"vertical-align: inherit;\">MOMUPLAT<\/span><\/span><\/a><\/p>\n<p><strong><img decoding=\"async\" loading=\"lazy\" class=\"alignright size-full wp-image-640\" src=\"https:\/\/www.picalab.cl\/wp-content\/uploads\/2020\/08\/MMP_flow1.png\" alt=\"\" width=\"1000\" height=\"400\" \/><\/strong><\/p>\n","protected":false},"excerpt":{"rendered":"<p>Recursos\u00a0 Pure Data Versi\u00f3n 2021 Enlace directo a instalador de Pure Data para Window: http:\/\/msp.ucsd.edu\/Software\/pd-0.51-0.windows-installer.exe Software de Miller Puckette (ACTUAL PUBLICACI\u00d3N ESTABLE, pd versi\u00f3n 0.51) http:\/\/msp.ucsd.edu\/software.html Descarga \u00a0Pure Data Extended-PC Pure Data Extendido &#8211; MAC Descargar M\u00f3dulos MMSI AUDIOFRACCIONES AUDIOENTEROS AUDIOGRAFICOS MULTIPULSO Gu\u00eda para el Docente Descarga Infograf\u00edas\u00a0 AUDIOFRACCIONES AUDIOENTEROS AUDIOGRAFICOS MULTIPULSO Descarga Directa Versi\u00f3n &hellip; <a href=\"https:\/\/www.picalab.cl\/index.php\/url\/\" class=\"more-link\">Continua leyendo<span class=\"screen-reader-text\"> &#8220;Recursos&#8221;<\/span><\/a><\/p>\n","protected":false},"author":2,"featured_media":0,"parent":0,"menu_order":0,"comment_status":"closed","ping_status":"closed","template":"","meta":[],"_links":{"self":[{"href":"https:\/\/www.picalab.cl\/index.php\/wp-json\/wp\/v2\/pages\/375"}],"collection":[{"href":"https:\/\/www.picalab.cl\/index.php\/wp-json\/wp\/v2\/pages"}],"about":[{"href":"https:\/\/www.picalab.cl\/index.php\/wp-json\/wp\/v2\/types\/page"}],"author":[{"embeddable":true,"href":"https:\/\/www.picalab.cl\/index.php\/wp-json\/wp\/v2\/users\/2"}],"replies":[{"embeddable":true,"href":"https:\/\/www.picalab.cl\/index.php\/wp-json\/wp\/v2\/comments?post=375"}],"version-history":[{"count":44,"href":"https:\/\/www.picalab.cl\/index.php\/wp-json\/wp\/v2\/pages\/375\/revisions"}],"predecessor-version":[{"id":953,"href":"https:\/\/www.picalab.cl\/index.php\/wp-json\/wp\/v2\/pages\/375\/revisions\/953"}],"wp:attachment":[{"href":"https:\/\/www.picalab.cl\/index.php\/wp-json\/wp\/v2\/media?parent=375"}],"curies":[{"name":"wp","href":"https:\/\/api.w.org\/{rel}","templated":true}]}}