{"id":47,"date":"2017-08-01T00:23:47","date_gmt":"2017-08-01T00:23:47","guid":{"rendered":"http:\/\/146.83.132.55\/?page_id=47"},"modified":"2026-04-11T10:00:35","modified_gmt":"2026-04-11T14:00:35","slug":"guias-pedagogicas-de-audiomatematicas","status":"publish","type":"page","link":"https:\/\/www.picalab.cl\/index.php\/home\/guias-pedagogicas-de-audiomatematicas\/","title":{"rendered":"Enlaces"},"content":{"rendered":"<p>Modelos de Integraci\u00f3n de TIC<br \/><a href=\"http:\/\/www.musico.cl\/cmaps\/Modelos%20de%20Aprendizaje.html\">http:\/\/www.musico.cl\/cmaps\/Modelos%20de%20Aprendizaje.html<\/a><\/p>\n<p>Modelo Instruccional ADDIE<br \/><a href=\"https:\/\/www.uv.es\/bellochc\/pedagogia\/EVA4.wiki?7\">https:\/\/www.uv.es\/bellochc\/pedagogia\/EVA4.wiki?7<\/a><\/p>\n<p><span style=\"vertical-align: inherit;\"><span style=\"vertical-align: inherit;\">UNIVERSIDAD DE VALENCIA (Enlaces)<br \/><\/span><\/span><a href=\"http:\/\/correo.uv.es\"><span style=\"vertical-align: inherit;\"><span style=\"vertical-align: inherit;\">Correo Institucional UV<\/span><\/span><\/a><\/p>\n<p><a href=\"https:\/\/www.uv.es\/uvweb\/universidad\/es\/universidad-valencia-1285845048380.html\"><span style=\"vertical-align: inherit;\"><span style=\"vertical-align: inherit;\">Universidad de Valencia accesos a documentaci\u00f3n Doctorado UV<\/span><\/span><\/a><\/p>\n<p><a href=\"https:\/\/www.uv.es\/uvweb\/universidad\/es\/estudios-postgrado\/doctorados\/novedades-1285962349493.html\"><span style=\"vertical-align: inherit;\"><span style=\"vertical-align: inherit;\">Doctorado en Did\u00e1cticas Espec\u00edficas <\/span><\/span><br \/><\/a><a href=\"https:\/\/as.uv.es\/cgi-bin\/AuthServer?ATTREQ=portal&amp;PAPIPOAREF=9ce87bf145c7bdda910b29d357e0485a&amp;PAPIPOAURL=https%3A%2F%2Fportal.uv.es%2Fcgi-bin%2Fportal%2Fportal\"><span style=\"vertical-align: inherit;\"><span style=\"vertical-align: inherit;\">Usuario<\/span><\/span><\/a><\/p>\n<p><a href=\"https:\/\/www.uv.es\/uvweb\/servei-biblioteques-documentacio\/es\/servei-biblioteques-documentacio-1285867215074.html\"><span style=\"vertical-align: inherit;\"><span style=\"vertical-align: inherit;\">Biblioteca UV<\/span><\/span><\/a><\/p>\n<p><a href=\"http:\/\/trobes.uv.es\/search*spi\"><span style=\"vertical-align: inherit;\"><span style=\"vertical-align: inherit;\">Biblioteca (Catalogo de Biblioteca)<\/span><\/span><\/a><\/p>\n<p><a href=\"http:\/\/xv9lx6cm3j.search.serialssolutions.com\/ejp\/?libHash=XV9LX6CM3J#\/?language=ca&amp;titleType=ALL\"><span style=\"vertical-align: inherit;\"><span style=\"vertical-align: inherit;\">Revistas Electr\u00f3nicas por T\u00edtulos y Materias<\/span><\/span><\/a><\/p>\n<p><a href=\"https:\/\/www.uv.es\/bellochc\/pedagogia\/EVA4.wiki?1\">DISE\u00d1OS METODOL\u00d3GICOS TIC WIKI UNIVERSIDAD DE VALENCIA<\/a><\/p>\n<p>\u00a0<\/p>\n<p><a href=\"http:\/\/xv9lx6cm3j.search.serialssolutions.com\/ejp\/?libHash=XV9LX6CM3J#\/search\/?searchControl=hilcc&amp;searchType=10&amp;criteria=0361&amp;titleType=ALL&amp;filterBy=All&amp;beginPage=0&amp;language=ca&amp;hilccDetail=Estudis%20i%20ensenyament%20musical\"><span style=\"vertical-align: inherit;\"><span style=\"vertical-align: inherit;\">Estudios y Ense\u00f1anzas de la M\u00fasica<\/span><\/span><\/a><\/p>\n<p><span style=\"vertical-align: inherit;\"><span style=\"vertical-align: inherit;\">Revistas de M\u00fasica, Danza, Cine &#8230;<\/span><\/span><\/p>\n<p><a href=\"http:\/\/mingaonline.uach.cl\/revistas\/estped\/eaboutj.htm\"><span style=\"vertical-align: inherit;\"><span style=\"vertical-align: inherit;\">Estudios Pedg\u00f3gicos UACH<\/span><\/span><\/a><\/p>\n<p><span style=\"vertical-align: inherit;\"><span style=\"vertical-align: inherit;\">Tecnolog\u00eda, conocimiento y aprendizaje. <\/span><span style=\"vertical-align: inherit;\">: <\/span><\/span><br \/><a href=\"http:\/\/www.editorialmanager.com\/tknl\/default.aspx\" target=\"_blank\" rel=\"noreferrer noopener\" data-saferedirecturl=\"https:\/\/www.google.com\/url?hl=es&amp;q=http:\/\/www.editorialmanager.com\/tknl\/default.aspx&amp;source=gmail&amp;ust=1511747583373000&amp;usg=AFQjCNGjMsPuiSOzVn4nZarXCO40LmdM5A\"><span style=\"vertical-align: inherit;\"><span style=\"vertical-align: inherit;\">http:\/\/www.editorialmanager.co <\/span><\/span><wbr \/><span style=\"vertical-align: inherit;\"><span style=\"vertical-align: inherit;\">m \/ tknl \/ default.aspx<\/span><\/span><\/a><\/p>\n<p><a href=\"http:\/\/www.springer.com\/education+%26+language\/learning+%26+instruction\/journal\/10758?detailsPage=pltci_1060680\"><span style=\"vertical-align: inherit;\"><span style=\"vertical-align: inherit;\">Normas de formato<\/span><\/span><\/a><br \/><span style=\"vertical-align: inherit;\"><span style=\"vertical-align: inherit;\">Revista Bolema <\/span><\/span><br \/><a href=\"http:\/\/www.scielo.br\/revistas\/bolema\/iinstruc.htm#02\"><span style=\"vertical-align: inherit;\"><span style=\"vertical-align: inherit;\">Normas<\/span><\/span><\/a><\/p>\n<p><span style=\"vertical-align: inherit;\"><span style=\"vertical-align: inherit;\">Revista: Revista internacional de innovaci\u00f3n en ciencia y educaci\u00f3n matem\u00e1tica (anteriormente CAL-laborate International) <\/span><\/span><br \/><a href=\"https:\/\/openjournals.library.sydney.edu.au\/index.php\/CAL\/index\"><span style=\"vertical-align: inherit;\"><span style=\"vertical-align: inherit;\">Inicio<\/span><\/span><\/a><\/p>\n<p>Referencias <br \/><a href=\"https:\/\/iated.org\/citation_guide\">Citacion Guide IATED<\/a><\/p>\n<p><a href=\"https:\/\/www.sejda.com\/es\/pdf-editor\">Editor de Pdf online<\/a><\/p>\n<p>YoutbeConverter<br \/><a href=\"https:\/\/youtube-mp4.download\/es\/better-online-converter\">https:\/\/youtube-mp4.download\/es\/better-online-converter<\/a><\/p>\n<p>BASES DE DATO<br \/>MINEDUC ESCUELAS DE CHILE<br \/><a href=\"http:\/\/www.mime.mineduc.cl\/mime-web\/mvc\/mime\/busqueda_avanzada\">Enlace de contactos Escuelas de Chile <\/a><\/p>\n<p>Sitios Institucionales<br \/><a href=\"http:\/\/www.mifuturo.cl\/\">Mi Futuro ( Empleabilidad de Carreras Universitarias )<\/a><\/p>\n<p>Portal de Estudios<br \/><a href=\"http:\/\/informacionestadistica.agenciaeducacion.cl\/#\/bases\">http:\/\/informacionestadistica.agenciaeducacion.cl\/#\/bases<\/a><\/p>\n<p>Noticias Educamus<br \/><a href=\"http:\/\/umag.cl\/facultades\/humanidades\/educacion\/musica\/\">http:\/\/umag.cl\/facultades\/humanidades\/educacion\/musica\/<\/a><\/p>\n<p>DID\u00c1CTICA<br \/>Como Funciona un Parlante: <a href=\"https:\/\/animagraffs.com\/loudspeaker\/\">https:\/\/animagraffs.com\/loudspeaker\/<\/a><\/p>\n<p>ELSEVIER<br \/><a href=\"http:\/\/journalfinder.elsevier.com\/\">http:\/\/journalfinder.elsevier.com\/<\/a><\/p>\n<p>Scimago Journal<br \/><a href=\"http:\/\/www.scimagojr.com\/journalrank.php?category=3304\">http:\/\/www.scimagojr.com\/journalrank.php?category=3304<\/a><\/p>\n<p>Springer Buscador<br \/><a href=\"https:\/\/journalsuggester.springer.com\/\">https:\/\/journalsuggester.springer.com\/<\/a><\/p>\n<p>Journal Guide<br \/><a href=\"https:\/\/www.journalguide.com\/\">https:\/\/www.journalguide.com\/<\/a><\/p>\n<p><span style=\"vertical-align: inherit;\"><span style=\"vertical-align: inherit;\">Cursos de Escritura Cient\u00edfica <\/span><\/span><br \/><span style=\"vertical-align: inherit;\"><span style=\"vertical-align: inherit;\">http:\/\/www.phrasebank.manchester.ac.uk\/<\/span><\/span><\/p>\n<p><blockquote class=\"wp-embedded-content\" data-secret=\"8sZ0p4ECFL\"><a href=\"https:\/\/www.phrasebank.manchester.ac.uk\/\">Home<\/a><\/blockquote><iframe class=\"wp-embedded-content\" sandbox=\"allow-scripts\" security=\"restricted\" style=\"position: absolute; clip: rect(1px, 1px, 1px, 1px);\" title=\"&#8220;Home&#8221; &#8212; Academic Phrasebank\" src=\"https:\/\/www.phrasebank.manchester.ac.uk\/embed\/#?secret=8sZ0p4ECFL\" data-secret=\"8sZ0p4ECFL\" width=\"600\" height=\"338\" frameborder=\"0\" marginwidth=\"0\" marginheight=\"0\" scrolling=\"no\"><\/iframe><\/p>\n<p><a href=\"http:\/\/elearning.biopub.cl\/\"><span style=\"vertical-align: inherit;\"><span style=\"vertical-align: inherit;\">http:\/\/elearning.biopub.cl\/<\/span><\/span><\/a><\/p>\n<p><span style=\"vertical-align: inherit;\"><span style=\"vertical-align: inherit;\">ATLAS-ti Videos Demostrativos<br \/><\/span><\/span><a href=\"https:\/\/www.youtube.com\/watch?v=6hbOxDK2bco\" target=\"_blank\" rel=\"noreferrer noopener\" data-saferedirecturl=\"https:\/\/www.google.com\/url?q=https:\/\/www.youtube.com\/watch?v%3D6hbOxDK2bco&amp;source=gmail&amp;ust=1550520840839000&amp;usg=AFQjCNHuhIcrnueoM8bEDAK_LQ9reAfnNw\"><span style=\"vertical-align: inherit;\"><span style=\"vertical-align: inherit;\">https:\/\/www.youtube.com\/watch? <\/span><\/span><wbr \/><span style=\"vertical-align: inherit;\"><span style=\"vertical-align: inherit;\">v = 6hbOxDK2bco<\/span><\/span><\/a><\/p>\n<p><a href=\"https:\/\/www.youtube.com\/watch?v=JprvFlBY5z4&amp;t=4886s\" target=\"_blank\" rel=\"noreferrer noopener\" data-saferedirecturl=\"https:\/\/www.google.com\/url?q=https:\/\/www.youtube.com\/watch?v%3DJprvFlBY5z4%26t%3D4886s&amp;source=gmail&amp;ust=1550520840840000&amp;usg=AFQjCNFMg3Aq9rPyW5VpHs7eP_aylvY0nQ\"><span style=\"vertical-align: inherit;\"><span style=\"vertical-align: inherit;\">https:\/\/www.youtube.com\/watch? <\/span><\/span><wbr \/><span style=\"vertical-align: inherit;\"><span style=\"vertical-align: inherit;\">v = JprvFlBY5z4 &amp; t = 4886s<\/span><\/span><\/a><\/p>\n<p><span style=\"vertical-align: inherit;\"><span style=\"vertical-align: inherit;\">Curso Antiguo <\/span><\/span><br \/><a href=\"http:\/\/www.musico.cl\/apuntes_IMI_b.html\"><span style=\"vertical-align: inherit;\"><span style=\"vertical-align: inherit;\">http:\/\/www.musico.cl\/apuntes_IMI_b.html<\/span><\/span><\/a><\/p>\n<p class=\"p1\"><span class=\"s1\">Aqu\u00ed hay un peque\u00f1o tutorial sobre el sistema de codificaci\u00f3n:<br \/><\/span><span class=\"s2\"><a href=\"http:\/\/www.lesession.co.uk\/abc\/abc_notation.htm\">http:\/\/www.lesession.co.uk\/abc\/abc_notation.htm<\/a><\/span><\/p>\n<p class=\"p1\"><span class=\"s1\">Aqu\u00ed, instrucciones para nombrar las claves:<br \/><\/span><span class=\"s2\"><a href=\"http:\/\/john-chambers.us\/~jc\/music\/abc\/doc\/ABCtut_Clefs.html\">http:\/\/john-chambers.us\/~jc\/music\/abc\/doc\/ABCtut_Clefs.html<\/a><\/span><\/p>\n<p class=\"p2\"><span class=\"s3\">Aqu\u00ed, unos ejemplos:\u00a0<br \/><a href=\"http:\/\/abcnotation.com\/examples\"><span class=\"s4\">http:\/\/abcnotation.com\/examples<\/span><\/a><\/span><\/p>\n<p class=\"p2\"><span class=\"s3\">Aqu\u00ed hay un editor &#8220;en vivo&#8221;:\u00a0<br \/><a href=\"https:\/\/www.abcjs.net\/abcjs-editor.html\"><span class=\"s4\">https:\/\/www.abcjs.net\/abcjs-editor.html<\/span><\/a><\/span><\/p>\n\n\n<p><a href=\"http:\/\/cuinjune-purr-data.glitch.me\/\">Purr Data Web<\/a><\/p>\n\n\n\n<p>EL Pasado en Internet <br><a href=\"https:\/\/web.archive.org\/\">https:\/\/web.archive.org\/<\/a><\/p>\n\n\n\n<p><\/p>\n","protected":false},"excerpt":{"rendered":"<p>Modelos de Integraci\u00f3n de TIChttp:\/\/www.musico.cl\/cmaps\/Modelos%20de%20Aprendizaje.html Modelo Instruccional ADDIEhttps:\/\/www.uv.es\/bellochc\/pedagogia\/EVA4.wiki?7 UNIVERSIDAD DE VALENCIA (Enlaces)Correo Institucional UV Universidad de Valencia accesos a documentaci\u00f3n Doctorado UV Doctorado en Did\u00e1cticas Espec\u00edficas Usuario Biblioteca UV Biblioteca (Catalogo de Biblioteca) Revistas Electr\u00f3nicas por T\u00edtulos y Materias DISE\u00d1OS METODOL\u00d3GICOS TIC WIKI UNIVERSIDAD DE VALENCIA \u00a0 Estudios y Ense\u00f1anzas de la M\u00fasica Revistas de &hellip; <a href=\"https:\/\/www.picalab.cl\/index.php\/home\/guias-pedagogicas-de-audiomatematicas\/\" class=\"more-link\">Continua leyendo<span class=\"screen-reader-text\"> &#8220;Enlaces&#8221;<\/span><\/a><\/p>\n","protected":false},"author":2,"featured_media":0,"parent":10,"menu_order":1,"comment_status":"closed","ping_status":"closed","template":"","meta":[],"_links":{"self":[{"href":"https:\/\/www.picalab.cl\/index.php\/wp-json\/wp\/v2\/pages\/47"}],"collection":[{"href":"https:\/\/www.picalab.cl\/index.php\/wp-json\/wp\/v2\/pages"}],"about":[{"href":"https:\/\/www.picalab.cl\/index.php\/wp-json\/wp\/v2\/types\/page"}],"author":[{"embeddable":true,"href":"https:\/\/www.picalab.cl\/index.php\/wp-json\/wp\/v2\/users\/2"}],"replies":[{"embeddable":true,"href":"https:\/\/www.picalab.cl\/index.php\/wp-json\/wp\/v2\/comments?post=47"}],"version-history":[{"count":15,"href":"https:\/\/www.picalab.cl\/index.php\/wp-json\/wp\/v2\/pages\/47\/revisions"}],"predecessor-version":[{"id":1090,"href":"https:\/\/www.picalab.cl\/index.php\/wp-json\/wp\/v2\/pages\/47\/revisions\/1090"}],"up":[{"embeddable":true,"href":"https:\/\/www.picalab.cl\/index.php\/wp-json\/wp\/v2\/pages\/10"}],"wp:attachment":[{"href":"https:\/\/www.picalab.cl\/index.php\/wp-json\/wp\/v2\/media?parent=47"}],"curies":[{"name":"wp","href":"https:\/\/api.w.org\/{rel}","templated":true}]}}