{"id":632,"date":"2020-08-14T06:23:17","date_gmt":"2020-08-14T06:23:17","guid":{"rendered":"http:\/\/www.picalab.cl\/?page_id=632"},"modified":"2026-04-11T20:22:13","modified_gmt":"2026-04-12T00:22:13","slug":"facebook-2","status":"publish","type":"page","link":"https:\/\/www.picalab.cl\/index.php\/facebook-2\/","title":{"rendered":"Publicaciones"},"content":{"rendered":"\n<h6><a href=\"https:\/\/openjournals.library.sydney.edu.au\/index.php\/CAL\/article\/view\/12446\"><strong>2019&nbsp; \u2013 IJISME \u2013&nbsp; Australia; &nbsp;&nbsp;<\/strong>An Exploratory Study on AudioFractions\u201d&nbsp;&nbsp;<\/a><strong>Vol. 27 N\u00fam. 2<br>INDEX SCOPUS<\/strong><\/h6>\n\n\n\n<p><a href=\"https:\/\/www.researchgate.net\/publication\/276268897_AudioGraphics_Implementation_and_Evaluation_of_a_Computer_Program_for_the_learning_of_Mathematical_Interpretation_and_Representation_of_Two-Axis_Graphics_through_Music_and_Sound\">AudioGr\u00e1ficos LEEME Publicaci\u00f3n Scopus Q1<\/a><\/p>\n\n\n\n<p><a href=\"http:\/\/revistas.uach.cl\/index.php\/estped\/article\/view\/3613\">2018 \u2013 Recursos Inform\u00e1ticos para el Aprendizaje de las matem\u00e1ticas EPED-UACH<br><\/a><em><strong>Vol. 44 N\u00fam. 1 INDEX \u2013 SCOPUS<\/strong><\/em><\/p>\n\n\n\n<p>SIEM&nbsp; 27, 28 y 29&nbsp;Junio 2018<br><strong>II Seminario Internacional de Investigaci\u00f3n en Educaci\u00f3n Musical (SIEM)<\/strong><br><strong>I Congreso Internacional de Creatividad en Educaci\u00f3n Art\u00edstica (CICREA) \u2013&nbsp;<\/strong><a href=\"http:\/\/media.picalab.cl\/repo\/descargas\/Publicaciones\/AE-POster_v10-SIEM-CICREA-Valencia-20184.pdf\">2018<br>Poster Audio Enteros&nbsp;<\/a><a href=\"http:\/\/media.picalab.cl\/repo\/descargas\/Publicaciones\/AE-POster_v10-SIEM-CICREA-Valencia-20184.pdf\">Seminario Internacional SIEM \u2013 Valencia Espa\u00f1a<\/a><\/p>\n\n\n\n<p><a href=\"http:\/\/media.picalab.cl\/repo\/descargas\/Publicaciones\/Met-Londres-picalab_2014.pdf\">2014 Researching Music, Education, Technology: Critical Insights&nbsp; Institute of Education Univercity of London&nbsp;<\/a><\/p>\n\n\n\n<p><a href=\"http:\/\/media.picalab.cl\/repo\/descargas\/Publicaciones\/AudioGr%C3%A1ficos-contextos%20para%20la%20ense%C3%B1anza%20de%20gr%C3%A1ficos%20en%20educaci%C3%B3n%20matem%C3%A1tica-III-CIAE.pdf\">2014- Congreso Internacional Educaci\u00f3n Interdiscuplinaria CIAE 2014 Audiogr\u00e1ficos<\/a><\/p>\n\n\n\n<p><a href=\"http:\/\/www.musico.cl\/picalab\/html_mmsi\/\">2013 \u2013 GUIAS PEDAG\u00d3GICAS DE LAS APLICACIONES MMSI<\/a><\/p>\n\n\n\n<p><a href=\"http:\/\/media.picalab.cl\/repo\/descargas\/Publicaciones\/poster_congreso_isme_uchile_maquetacion_7b1%20(2).pdf\">2013 Poster AudioFracciones :Concreso Internacional ISME \u2013 Santiago de Chile<\/a><\/p>\n\n\n\n<p><a href=\"http:\/\/media.picalab.cl\/repo\/descargas\/Publicaciones\/tise2012_submission_75_TTM.pdf\">2012 \u2013 MEMORIAS DEL XVII CONGRESO TISE&nbsp; UCHILE \u2013 FULL Paper Picalab<\/a><\/p>\n","protected":false},"excerpt":{"rendered":"<p>2019&nbsp; \u2013 IJISME \u2013&nbsp; Australia; &nbsp;&nbsp;An Exploratory Study on AudioFractions\u201d&nbsp;&nbsp;Vol. 27 N\u00fam. 2INDEX SCOPUS AudioGr\u00e1ficos LEEME Publicaci\u00f3n Scopus Q1 2018 \u2013 Recursos Inform\u00e1ticos para el Aprendizaje de las matem\u00e1ticas EPED-UACHVol. 44 N\u00fam. 1 INDEX \u2013 SCOPUS SIEM&nbsp; 27, 28 y 29&nbsp;Junio 2018II Seminario Internacional de Investigaci\u00f3n en Educaci\u00f3n Musical (SIEM)I Congreso Internacional de Creatividad en &hellip; <a href=\"https:\/\/www.picalab.cl\/index.php\/facebook-2\/\" class=\"more-link\">Continua leyendo<span class=\"screen-reader-text\"> &#8220;Publicaciones&#8221;<\/span><\/a><\/p>\n","protected":false},"author":2,"featured_media":0,"parent":0,"menu_order":0,"comment_status":"closed","ping_status":"closed","template":"","meta":[],"_links":{"self":[{"href":"https:\/\/www.picalab.cl\/index.php\/wp-json\/wp\/v2\/pages\/632"}],"collection":[{"href":"https:\/\/www.picalab.cl\/index.php\/wp-json\/wp\/v2\/pages"}],"about":[{"href":"https:\/\/www.picalab.cl\/index.php\/wp-json\/wp\/v2\/types\/page"}],"author":[{"embeddable":true,"href":"https:\/\/www.picalab.cl\/index.php\/wp-json\/wp\/v2\/users\/2"}],"replies":[{"embeddable":true,"href":"https:\/\/www.picalab.cl\/index.php\/wp-json\/wp\/v2\/comments?post=632"}],"version-history":[{"count":4,"href":"https:\/\/www.picalab.cl\/index.php\/wp-json\/wp\/v2\/pages\/632\/revisions"}],"predecessor-version":[{"id":1126,"href":"https:\/\/www.picalab.cl\/index.php\/wp-json\/wp\/v2\/pages\/632\/revisions\/1126"}],"wp:attachment":[{"href":"https:\/\/www.picalab.cl\/index.php\/wp-json\/wp\/v2\/media?parent=632"}],"curies":[{"name":"wp","href":"https:\/\/api.w.org\/{rel}","templated":true}]}}