{"id":653,"date":"2020-08-15T16:49:12","date_gmt":"2020-08-15T16:49:12","guid":{"rendered":"http:\/\/www.picalab.cl\/?page_id=653"},"modified":"2020-08-17T21:11:51","modified_gmt":"2020-08-17T21:11:51","slug":"aglaya","status":"publish","type":"page","link":"https:\/\/www.picalab.cl\/index.php\/aglaya\/","title":{"rendered":"Aglaya"},"content":{"rendered":"\n<p>El proyecto Aglaya pretende intervenir en los procesos de ense\u00f1anza-aprendizaje proponiendo dise\u00f1os de&nbsp;acci\u00f3n did\u00e1ctica en creatividad dentro del sistema educativo formal y en otros contextos no formales. Para esto, se act\u00faa desde una concepci\u00f3n hol\u00edstica del aprendizaje y se utilizan artefactos tecnol\u00f3gicos. Estos se conciben en el proyecto como agentes de comunicaci\u00f3n que conforman un laboratorio de experimentaci\u00f3n, de intercambio de experiencias sonoras, visuales y esc\u00e9nicas, no como meros objetos de hardware o software. Adem\u00e1s, los procesos creativos se abordan desde un modelo de aprendizaje basado en la acci\u00f3n colaborativa, utilizando para ello un dise\u00f1o ABPA (aprendizaje basado en proyectos art\u00edsticos).<\/p>\n\n\n\n<p><a href=\"https:\/\/www.aglaya.org\/about\">Ir a Aglaya https:\/\/www.aglaya.org\/about<\/a><\/p>\n\n\n\n<p><\/p>\n\n\n\n<p><\/p>\n","protected":false},"excerpt":{"rendered":"<p>El proyecto Aglaya pretende intervenir en los procesos de ense\u00f1anza-aprendizaje proponiendo dise\u00f1os de&nbsp;acci\u00f3n did\u00e1ctica en creatividad dentro del sistema educativo formal y en otros contextos no formales. Para esto, se act\u00faa desde una concepci\u00f3n hol\u00edstica del aprendizaje y se utilizan artefactos tecnol\u00f3gicos. Estos se conciben en el proyecto como agentes de comunicaci\u00f3n que conforman un &hellip; <a href=\"https:\/\/www.picalab.cl\/index.php\/aglaya\/\" class=\"more-link\">Continua leyendo<span class=\"screen-reader-text\"> &#8220;Aglaya&#8221;<\/span><\/a><\/p>\n","protected":false},"author":2,"featured_media":698,"parent":0,"menu_order":0,"comment_status":"closed","ping_status":"closed","template":"","meta":[],"_links":{"self":[{"href":"https:\/\/www.picalab.cl\/index.php\/wp-json\/wp\/v2\/pages\/653"}],"collection":[{"href":"https:\/\/www.picalab.cl\/index.php\/wp-json\/wp\/v2\/pages"}],"about":[{"href":"https:\/\/www.picalab.cl\/index.php\/wp-json\/wp\/v2\/types\/page"}],"author":[{"embeddable":true,"href":"https:\/\/www.picalab.cl\/index.php\/wp-json\/wp\/v2\/users\/2"}],"replies":[{"embeddable":true,"href":"https:\/\/www.picalab.cl\/index.php\/wp-json\/wp\/v2\/comments?post=653"}],"version-history":[{"count":6,"href":"https:\/\/www.picalab.cl\/index.php\/wp-json\/wp\/v2\/pages\/653\/revisions"}],"predecessor-version":[{"id":697,"href":"https:\/\/www.picalab.cl\/index.php\/wp-json\/wp\/v2\/pages\/653\/revisions\/697"}],"wp:featuredmedia":[{"embeddable":true,"href":"https:\/\/www.picalab.cl\/index.php\/wp-json\/wp\/v2\/media\/698"}],"wp:attachment":[{"href":"https:\/\/www.picalab.cl\/index.php\/wp-json\/wp\/v2\/media?parent=653"}],"curies":[{"name":"wp","href":"https:\/\/api.w.org\/{rel}","templated":true}]}}