{"id":661,"date":"2020-08-15T17:00:15","date_gmt":"2020-08-15T17:00:15","guid":{"rendered":"http:\/\/www.picalab.cl\/?page_id=661"},"modified":"2022-01-12T20:06:15","modified_gmt":"2022-01-12T20:06:15","slug":"pure-data","status":"publish","type":"page","link":"https:\/\/www.picalab.cl\/index.php\/pure-data\/","title":{"rendered":"Pure Data"},"content":{"rendered":"\n<p><\/p>\n\n\n\n<p><strong>Pure Data (o Pd)<\/strong>&nbsp;es un lenguaje de&nbsp;<a href=\"https:\/\/es.wikipedia.org\/wiki\/Programaci%C3%B3n_visual\">programaci\u00f3n visual<\/a>&nbsp;desarrollado por&nbsp;<a href=\"https:\/\/es.wikipedia.org\/wiki\/Miller_Puckette\">Miller Puckette<\/a>&nbsp;durante los a\u00f1os 90 para la creaci\u00f3n de&nbsp;<a href=\"https:\/\/es.wikipedia.org\/wiki\/M%C3%BAsica\">m\u00fasica<\/a>&nbsp;por ordenador interactiva y obras&nbsp;<a href=\"https:\/\/es.wikipedia.org\/wiki\/Multimedia\">multimedia<\/a>. Aunque Puckette es el principal autor del software, Pd es un proyecto de&nbsp;<a href=\"https:\/\/es.wikipedia.org\/wiki\/C%C3%B3digo_abierto\">c\u00f3digo abierto<\/a>&nbsp;y tiene una gran base de desarrolladores trabajando en nuevas extensiones al programa. Est\u00e1 publicado bajo una licencia similar a la&nbsp;<a href=\"https:\/\/es.wikipedia.org\/wiki\/Licencia_BSD\">licencia BSD<\/a>. ( Wikipedia)<\/p>\n\n\n<p>\n<!--StartFragment--><\/p>\n\n\n<p><strong>Pure Data Versi\u00f3n 2022<br>Enlace directo a instalador de Pure Data para Window:<\/strong><br><a href=\"http:\/\/msp.ucsd.edu\/Software\/pd-0.52-1.windows-installer.exe\">http:\/\/msp.ucsd.edu\/Software\/pd-0.52-1.windows-installer.exe<\/a><\/p>\n\n\n\n<p><strong>Software by Miller Puckette<br>(CURRENT STABLE RELEASE,&nbsp; pd version 0.51)<br><\/strong><a href=\"http:\/\/msp.ucsd.edu\/software.html\">http:\/\/msp.ucsd.edu\/software.html<\/a><\/p>\n\n\n\n<p><strong>Descarga<\/strong><br><a href=\"http:\/\/media.picalab.cl\/repo\/descargas\/Pure_data_extended\/PC\/\">&nbsp;Pure Data Extended-PC<\/a> para MMSI<\/p>\n\n\n\n<p><a href=\"http:\/\/media.picalab.cl\/repo\/descargas\/Pure_data_extended\/MAC\/\">Pure Data Extended &#8211; MAC<\/a> para MMSI<\/p>\n\n\n\n<p><\/p>\n\n\n\n<p><a href=\"https:\/\/github.com\/djipco\/webmidi#browser-support\">https:\/\/github.com\/djipco\/webmidi#browser-support<\/a><\/p>\n\n\n\n<p><strong>Descargar M\u00f3dulos MMSI<\/strong><br><a href=\"http:\/\/media.picalab.cl\/repo\/descargas\/Audiofracciones\/\">AUDIOFRACCIONES<\/a><br><a href=\"http:\/\/media.picalab.cl\/repo\/descargas\/Audioenteros\/\">AUDIOENTEROS<\/a><br><a href=\"http:\/\/media.picalab.cl\/repo\/descargas\/Audiogr%c3%a1ficos\/\">AUDIOGRAFICOS<\/a><br><a href=\"http:\/\/media.picalab.cl\/repo\/descargas\/Multipulso\/\">MULTIPULSO<\/a><br><a href=\"http:\/\/media.picalab.cl\/repo\/descargas\/Infografias-picalab2019\/Gu%c3%adas%20MMSI\/GUIA%20PARA%20EL%20DOCENTE.pdf\">Gu\u00eda para el Docente<\/a><\/p>\n\n\n\n<p><strong>Descarga&nbsp; Infograf\u00edas&nbsp;<\/strong><br><a href=\"http:\/\/media.picalab.cl\/repo\/descargas\/Infografias-picalab2019\/AudioFracciones\/\">AUDIOFRACCIONES<\/a><br><a href=\"http:\/\/media.picalab.cl\/repo\/descargas\/Infografias-picalab2019\/AudioEnteros\/\">AUDIOENTEROS<\/a><br><a href=\"http:\/\/media.picalab.cl\/repo\/descargas\/Infografias-picalab2019\/AudioGraficos\/\">AUDIOGRAFICOS<\/a><br><a href=\"http:\/\/media.picalab.cl\/repo\/descargas\/Infografias-picalab2019\/Multipulso\/\">MULTIPULSO<\/a><\/p>\n\n\n\n<p>Descarga Directa<br>Versi\u00f3n recomendada para&nbsp; Window 7<br>(Descarga <a href=\"http:\/\/sourceforge.net\/projects\/pure-data\/files\/pd-extended\/0.43.4\/Pd-0.43.4-extended-windowsxp-i386.exe\/download\">Pure Data 0.43.4 )<\/a><\/p>\n\n\n\n<p>Pure Data Window 10<br><a href=\"http:\/\/sourceforge.net\/projects\/pure-data\/files\/pd-extended\/0.42.5\/Pd-0.42.5-extended-windowsxp-i386.exe\/download\">Descarga Pure Data 0.42.5<\/a><\/p>\n\n\n\n<p>Pure Data MAC OS<br><a href=\"http:\/\/media.picalab.cl\/repo\/descargas\/Pure_data_extended\/MAC\/\">http:\/\/media.picalab.cl\/repo\/descargas\/Pure_data_extended\/MAC\/<\/a><\/p>\n\n\n\n<pre class=\"wp-block-preformatted\">Si usted no pudo instalar las aplicaciones MMSI escribanos para mejorar: picalab@umce.cl<\/pre>\n","protected":false},"excerpt":{"rendered":"<p>Pure Data (o Pd)&nbsp;es un lenguaje de&nbsp;programaci\u00f3n visual&nbsp;desarrollado por&nbsp;Miller Puckette&nbsp;durante los a\u00f1os 90 para la creaci\u00f3n de&nbsp;m\u00fasica&nbsp;por ordenador interactiva y obras&nbsp;multimedia. Aunque Puckette es el principal autor del software, Pd es un proyecto de&nbsp;c\u00f3digo abierto&nbsp;y tiene una gran base de desarrolladores trabajando en nuevas extensiones al programa. Est\u00e1 publicado bajo una licencia similar a la&nbsp;licencia &hellip; <a href=\"https:\/\/www.picalab.cl\/index.php\/pure-data\/\" class=\"more-link\">Continua leyendo<span class=\"screen-reader-text\"> &#8220;Pure Data&#8221;<\/span><\/a><\/p>\n","protected":false},"author":2,"featured_media":662,"parent":0,"menu_order":0,"comment_status":"closed","ping_status":"closed","template":"","meta":[],"_links":{"self":[{"href":"https:\/\/www.picalab.cl\/index.php\/wp-json\/wp\/v2\/pages\/661"}],"collection":[{"href":"https:\/\/www.picalab.cl\/index.php\/wp-json\/wp\/v2\/pages"}],"about":[{"href":"https:\/\/www.picalab.cl\/index.php\/wp-json\/wp\/v2\/types\/page"}],"author":[{"embeddable":true,"href":"https:\/\/www.picalab.cl\/index.php\/wp-json\/wp\/v2\/users\/2"}],"replies":[{"embeddable":true,"href":"https:\/\/www.picalab.cl\/index.php\/wp-json\/wp\/v2\/comments?post=661"}],"version-history":[{"count":5,"href":"https:\/\/www.picalab.cl\/index.php\/wp-json\/wp\/v2\/pages\/661\/revisions"}],"predecessor-version":[{"id":994,"href":"https:\/\/www.picalab.cl\/index.php\/wp-json\/wp\/v2\/pages\/661\/revisions\/994"}],"wp:featuredmedia":[{"embeddable":true,"href":"https:\/\/www.picalab.cl\/index.php\/wp-json\/wp\/v2\/media\/662"}],"wp:attachment":[{"href":"https:\/\/www.picalab.cl\/index.php\/wp-json\/wp\/v2\/media?parent=661"}],"curies":[{"name":"wp","href":"https:\/\/api.w.org\/{rel}","templated":true}]}}