{"id":71,"date":"2017-08-04T04:35:42","date_gmt":"2017-08-04T04:35:42","guid":{"rendered":"http:\/\/146.83.132.55\/?page_id=71"},"modified":"2021-07-17T23:47:37","modified_gmt":"2021-07-17T23:47:37","slug":"videos-picalab-2","status":"publish","type":"page","link":"https:\/\/www.picalab.cl\/index.php\/sample-page\/videos-picalab-2\/","title":{"rendered":"VIDEOS y Difusi\u00f3n CCICree de PICALAB"},"content":{"rendered":"\n<p>Comunidad Colaborativa Interdisciplinaria para la Creaci\u00f3n de Experiencias Educativas CCICree <\/p>\n\n\n\n<p>Noticias:<\/p>\n\n\n\n<p><a href=\"http:\/\/ima.ucv.cl\/webinar-experiencias-educativas-perspectivas-desde-la-musica-matematica-las-neurociencias-y-la-cognicion-corporizada-se-lleva-a-cabo-en-el-marco-del-proyecto-ccicree\/\">Webinar &#8220;Experiencias Educativas: perspectivas desde la m\u00fasica-matem\u00e1tica, las neurociencias y la cognici\u00f3n corporizada&#8221; se lleva a cabo en el marco del proyecto CCICree<\/a> ( Instituto de Matem\u00e1ticas PUCV)<\/p>\n\n\n\n<p><a href=\"http:\/\/www.umce.cl\/index.php\/noticias-universidad\/item\/3245-comunidad\">UMCE integra comunidad colaborativa para generar nuevas experiencias a nivel escolar<\/a> ( Comunicaciones UMCE )<\/p>\n\n\n\n<p><a href=\"https:\/\/arquitectura-artes.uach.cl\/proyecto-de-innovacion-educativa-ccicree-realizara-dos-actividades-abiertas-a-la-comunidad-durante-el-mes-de-noviembre\/\">PROYECTO DE INNOVACI\u00d3N EDUCATIVA CCICREE REALIZAR\u00c1 DOS ACTIVIDADES ABIERTAS A LA COMUNIDAD DURANTE EL MES DE NOVIEMBRE<\/a> (Facultad de Arquitectura y Artes UACH)<\/p>\n\n\n\n<h4>2\u00ba Webinar CCICree: \u201cMatem\u00e1tica y Creaci\u00f3n Musical\u201d 24 Nov. 17:30<\/h4>\n\n\n\n<figure class=\"wp-block-embed is-type-video is-provider-youtube wp-block-embed-youtube wp-embed-aspect-16-9 wp-has-aspect-ratio\"><div class=\"wp-block-embed__wrapper\">\n<iframe loading=\"lazy\" title=\"Conversatorio &quot;Matem\u00e1tica y creaci\u00f3n musical&quot;\" width=\"840\" height=\"473\" src=\"https:\/\/www.youtube.com\/embed\/9lEAWMg7A7I?feature=oembed\" frameborder=\"0\" allow=\"accelerometer; autoplay; clipboard-write; encrypted-media; gyroscope; picture-in-picture\" allowfullscreen><\/iframe>\n<\/div><\/figure>\n\n\n\n<figure class=\"wp-block-image is-resized\"><img decoding=\"async\" loading=\"lazy\" src=\"https:\/\/www.picalab.cl\/wp-content\/uploads\/2021\/01\/TT_SEGUNDA-CHARLA-3.png\" alt=\"\" class=\"wp-image-863\" width=\"170\" height=\"170\" srcset=\"https:\/\/www.picalab.cl\/wp-content\/uploads\/2021\/01\/TT_SEGUNDA-CHARLA-3.png 960w, https:\/\/www.picalab.cl\/wp-content\/uploads\/2021\/01\/TT_SEGUNDA-CHARLA-3-150x150.png 150w, https:\/\/www.picalab.cl\/wp-content\/uploads\/2021\/01\/TT_SEGUNDA-CHARLA-3-300x300.png 300w, https:\/\/www.picalab.cl\/wp-content\/uploads\/2021\/01\/TT_SEGUNDA-CHARLA-3-768x768.png 768w\" sizes=\"(max-width: 170px) 85vw, 170px\" \/><\/figure>\n\n\n\n<h2>Primer Webinar de Experiencias Educativas en Educaci\u00f3n Diferencial 10 de Nov. 2020<\/h2>\n\n\n\n<p><a href=\"https:\/\/www.youtube.com\/watch?v=yRQFTBALk44\">WEBINAR Youtube  EXPERIENCIAS de EDUCACI\u00d3N DIFERENCIAL y MATEMATICAS INCLUSIVAS <\/a> ( UMCE &#8211; UACH &#8211; PUCV)<\/p>\n\n\n\n<figure class=\"wp-block-embed is-type-video is-provider-youtube wp-block-embed-youtube wp-embed-aspect-16-9 wp-has-aspect-ratio\"><div class=\"wp-block-embed__wrapper\">\n<iframe loading=\"lazy\" title=\"Experiencias Educativas en Educaci\u00f3n Diferencial Perspectivas desde la m\u00fasica-matem\u00e1tica\" width=\"840\" height=\"473\" src=\"https:\/\/www.youtube.com\/embed\/yRQFTBALk44?feature=oembed\" frameborder=\"0\" allow=\"accelerometer; autoplay; clipboard-write; encrypted-media; gyroscope; picture-in-picture\" allowfullscreen><\/iframe>\n<\/div><\/figure>\n\n\n\n<figure class=\"wp-block-image is-resized\"><img decoding=\"async\" loading=\"lazy\" src=\"https:\/\/www.picalab.cl\/wp-content\/uploads\/2020\/11\/flyerfinal.jpg\" alt=\"\" class=\"wp-image-848\" width=\"188\" height=\"188\" srcset=\"https:\/\/www.picalab.cl\/wp-content\/uploads\/2020\/11\/flyerfinal.jpg 960w, https:\/\/www.picalab.cl\/wp-content\/uploads\/2020\/11\/flyerfinal-150x150.jpg 150w, https:\/\/www.picalab.cl\/wp-content\/uploads\/2020\/11\/flyerfinal-300x300.jpg 300w, https:\/\/www.picalab.cl\/wp-content\/uploads\/2020\/11\/flyerfinal-768x768.jpg 768w\" sizes=\"(max-width: 188px) 85vw, 188px\" \/><\/figure>\n\n\n\n<p><p><br><\/p><iframe loading=\"lazy\" width=\"560\" height=\"315\" src=\"https:\/\/www.youtube.com\/embed\/eY7gBzLgmzs\" frameborder=\"0\" allow=\"accelerometer; autoplay; clipboard-write; encrypted-media; gyroscope; picture-in-picture\" allowfullscreen=\"\"><\/iframe><\/p>\n\n\n\n<p>Encuentros virtuales promueven potencialidades del sonido y la m\u00fasica en aprendizaje<br><a href=\"http:\/\/www.umce.cl\/index.php\/noticias-universidad\/item\/3305-webinars-musimat\">http:\/\/www.umce.cl\/index.php\/noticias-universidad\/item\/3305-webinars-musimat<\/a><\/p>\n\n\n\n<figure><iframe loading=\"lazy\" width=\"560\" height=\"315\" src=\"https:\/\/www.youtube.com\/embed\/ob_UmXfbsFE\" allowfullscreen=\"\"><\/iframe><\/figure>\n\n\n\n<figure><iframe loading=\"lazy\" src=\"https:\/\/www.youtube.com\/embed\/qksCyLYcraM\" allow=\"accelerometer; autoplay; encrypted-media; gyroscope; picture-in-picture\" allowfullscreen=\"\" width=\"560\" height=\"315\" frameborder=\"0\"><\/iframe><\/figure>\n\n\n\nPor Qu\u00e9 Matem\u00e1tica y M\u00fasica ?\n<figure><iframe loading=\"lazy\" width=\"560\" height=\"315\" src=\"https:\/\/www.youtube.com\/embed\/MV_CjDt8yoI\" allowfullscreen=\"\"><\/iframe><\/figure>\n\n\n\n<figure><iframe loading=\"lazy\" src=\"https:\/\/www.youtube.com\/embed\/chQPFBIOiOM\" allowfullscreen=\"allowfullscreen\" width=\"560\" height=\"315\" frameborder=\"0\"><\/iframe><\/figure>\n\n\n\n<p> <\/p>\n\n\n\n<p>Descripci\u00f3n AudioFracciones<br><\/p>\n\n\n\n<figure><iframe loading=\"lazy\" src=\"https:\/\/www.youtube.com\/embed\/WnsDorVr5r4\" allowfullscreen=\"allowfullscreen\" width=\"560\" height=\"315\" frameborder=\"0\"><\/iframe><\/figure>\n\n\n\n<p>Descripci\u00f3n de MultiPulso<br><br>&nbsp;<\/p>\n\n\n\n<figure><iframe loading=\"lazy\" src=\"https:\/\/www.youtube.com\/embed\/GOJrlDq24mg\" allowfullscreen=\"allowfullscreen\" width=\"560\" height=\"315\" frameborder=\"0\"><\/iframe><\/figure>\n\n\n\n<figure><iframe loading=\"lazy\" src=\"https:\/\/www.youtube.com\/embed\/k-3qiwNxV4U\" allowfullscreen=\"allowfullscreen\" width=\"560\" height=\"315\" frameborder=\"0\"><\/iframe><\/figure>\n\n\n\n<p>Descripci\u00f3n de AudioGr\u00e1ficos<br><br><strong>Descripci\u00f3n de AudioEnteros<\/strong><br><\/p>\n\n\n\n<figure><iframe loading=\"lazy\" src=\"https:\/\/www.youtube.com\/embed\/XgGLQIejoy0\" allowfullscreen=\"allowfullscreen\" width=\"560\" height=\"315\" frameborder=\"0\"><\/iframe><\/figure>\n\n\n\n<p><strong>Liceo A5 Mercedes Mar\u00edn del Solar <\/strong><br><\/p>\n\n\n\n<figure><iframe loading=\"lazy\" src=\"https:\/\/www.youtube.com\/embed\/90vKTJFpJwI\" allowfullscreen=\"allowfullscreen\" width=\"560\" height=\"315\" frameborder=\"0\"><\/iframe><\/figure>\n\n\n\n<p><strong>Demostraci\u00f3n Multipuldo<\/strong><br><\/p>\n\n\n\n<figure><iframe loading=\"lazy\" src=\"https:\/\/www.youtube.com\/embed\/kVSgZ7h2tLM\" allowfullscreen=\"allowfullscreen\" width=\"560\" height=\"315\" frameborder=\"0\"><\/iframe><\/figure>\n\n\n\n<figure><iframe loading=\"lazy\" src=\"https:\/\/www.youtube.com\/embed\/qQZj5yy3ykk\" allowfullscreen=\"allowfullscreen\" width=\"560\" height=\"315\" frameborder=\"0\"><\/iframe><\/figure>\n\n\n\n<p><strong>AudioFracciones<\/strong><br><br>Video de Claudio Escobar C\u00e1ceres ; Audiofracciones y Pitagoras<br><\/p>\n\n\n\n<figure><iframe loading=\"lazy\" src=\"https:\/\/www.youtube.com\/embed\/BV0GKF2Ewlw\" allowfullscreen=\"allowfullscreen\" width=\"560\" height=\"315\" frameborder=\"0\"><\/iframe><\/figure>\n\n\n\n<figure><iframe loading=\"lazy\" src=\"https:\/\/www.youtube.com\/embed\/7TzZL0EhUMM\" allowfullscreen=\"allowfullscreen\" width=\"560\" height=\"315\" frameborder=\"0\"><\/iframe><\/figure>\n\n\n\n<p><br>Ni\u00f1os de b\u00e1sica del Colegio Erasmo Escala<br><\/p>\n\n\n\n<figure><iframe loading=\"lazy\" src=\"https:\/\/www.youtube.com\/embed\/jcMzFORRUB8\" allowfullscreen=\"allowfullscreen\" width=\"560\" height=\"315\" frameborder=\"0\"><\/iframe><\/figure>\n\n\n\n<figure><iframe loading=\"lazy\" src=\"https:\/\/www.youtube.com\/embed\/voQpMFOsYlk\" allowfullscreen=\"allowfullscreen\" width=\"560\" height=\"315\" frameborder=\"0\"><\/iframe><\/figure>\n\n\n\n<p><strong>Clase de perfeccionamieto matem\u00e1tico a docentes de b\u00e1sica con Audiogr\u00e1ficos &#8211; Profesora Alicia Venegas<\/strong><br><\/p>\n\n\n\n<figure><iframe loading=\"lazy\" src=\"https:\/\/www.youtube.com\/embed\/jOvLObbC4po\" allowfullscreen=\"allowfullscreen\" width=\"560\" height=\"315\" frameborder=\"0\"><\/iframe><\/figure>\n\n\n\n<p>Dr.Roberto Araya Schulz:&#8221;La Selecci\u00f3n Natural gener\u00f3 habilidades innatas en el cerebro que podemos aprovechar para ense\u00f1ar matem\u00e1ticas&#8221;.<br><\/p>\n\n\n\n<figure><iframe loading=\"lazy\" src=\"https:\/\/www.youtube.com\/embed\/xJjdT5KWrCc?list=UUGotckOkv3h8V5e2piB3z-A\" allowfullscreen=\"allowfullscreen\" width=\"560\" height=\"315\" frameborder=\"0\"><\/iframe><\/figure>\n\n\n\n<p>PROYECTOS TIC EDU FONDEF<br><\/p>\n","protected":false},"excerpt":{"rendered":"<p>Comunidad Colaborativa Interdisciplinaria para la Creaci\u00f3n de Experiencias Educativas CCICree Noticias: Webinar &#8220;Experiencias Educativas: perspectivas desde la m\u00fasica-matem\u00e1tica, las neurociencias y la cognici\u00f3n corporizada&#8221; se lleva a cabo en el marco del proyecto CCICree ( Instituto de Matem\u00e1ticas PUCV) UMCE integra comunidad colaborativa para generar nuevas experiencias a nivel escolar ( Comunicaciones UMCE ) PROYECTO &hellip; <a href=\"https:\/\/www.picalab.cl\/index.php\/sample-page\/videos-picalab-2\/\" class=\"more-link\">Continua leyendo<span class=\"screen-reader-text\"> &#8220;VIDEOS y Difusi\u00f3n CCICree de PICALAB&#8221;<\/span><\/a><\/p>\n","protected":false},"author":2,"featured_media":0,"parent":2,"menu_order":0,"comment_status":"closed","ping_status":"closed","template":"","meta":[],"_links":{"self":[{"href":"https:\/\/www.picalab.cl\/index.php\/wp-json\/wp\/v2\/pages\/71"}],"collection":[{"href":"https:\/\/www.picalab.cl\/index.php\/wp-json\/wp\/v2\/pages"}],"about":[{"href":"https:\/\/www.picalab.cl\/index.php\/wp-json\/wp\/v2\/types\/page"}],"author":[{"embeddable":true,"href":"https:\/\/www.picalab.cl\/index.php\/wp-json\/wp\/v2\/users\/2"}],"replies":[{"embeddable":true,"href":"https:\/\/www.picalab.cl\/index.php\/wp-json\/wp\/v2\/comments?post=71"}],"version-history":[{"count":32,"href":"https:\/\/www.picalab.cl\/index.php\/wp-json\/wp\/v2\/pages\/71\/revisions"}],"predecessor-version":[{"id":934,"href":"https:\/\/www.picalab.cl\/index.php\/wp-json\/wp\/v2\/pages\/71\/revisions\/934"}],"up":[{"embeddable":true,"href":"https:\/\/www.picalab.cl\/index.php\/wp-json\/wp\/v2\/pages\/2"}],"wp:attachment":[{"href":"https:\/\/www.picalab.cl\/index.php\/wp-json\/wp\/v2\/media?parent=71"}],"curies":[{"name":"wp","href":"https:\/\/api.w.org\/{rel}","templated":true}]}}