{"id":823,"date":"2020-10-30T04:01:32","date_gmt":"2020-10-30T04:01:32","guid":{"rendered":"http:\/\/www.picalab.cl\/?page_id=823"},"modified":"2023-12-13T16:30:51","modified_gmt":"2023-12-13T19:30:51","slug":"investigacion","status":"publish","type":"page","link":"https:\/\/www.picalab.cl\/index.php\/investigacion\/","title":{"rendered":"Investigaci\u00f3n"},"content":{"rendered":"\n<p><a href=\"http:\/\/investigacion.picalab.cl\/\">Sitio antiguo<\/a> <\/p>\n\n\n\n<p><strong>2023 :<\/strong><br>Development of intonation in stringed bowed instrument. A descriptive-exploratory study with Chilean specialist teachers<br>Descarga<br><a href=\"https:\/\/revistas.ufg.br\/musica\/article\/view\/76346\/40451\">https:\/\/revistas.ufg.br\/musica\/article\/view\/76346\/40451<\/a><\/p>\n\n\n\n<p><strong>2023  <\/strong><br><strong>RagaLab: an experimental prototype for mathematical exploration and musical modelling of structures based on Indian classical music theory<\/strong><br>An experimental prototype for mathematical exploration and musical modelling of structures based on Indian classical music theory<br>by\u00a0<a href=\"https:\/\/alpaca.pubpub.org\/user\/tomas-thayer\">Tomas thayer<\/a>,\u00a0Mirko Petrovich, and\u00a0Alejandro Albornoz<br><a href=\"https:\/\/alpaca.pubpub.org\/pub\/6hd57q7r\/release\/1?readingCollection=1def0192\">https:\/\/alpaca.pubpub.org\/pub\/6hd57q7r\/release\/1?readingCollection=1def0192<\/a><br><strong>Published on<\/strong> Nov 11, 2023 <strong>DOI<\/strong>10.21428\/108765d1.b3037305<\/p>\n\n\n\n<p><strong>2023<\/strong><br><strong>ANALYSIS OF THE STUDENTS&#8217; IMAGINARY ABOUT A MUSIC TECHNOLOGY FOLLOWING A TPACK-BASED EDUCATIONAL INTERVENTIONT. <\/strong><br><strong>Thayer 1, J. Tejada 2<\/strong><br><em>1Universidad Austral de Chile (CHILE) 2University of Valencia (SPAIN)<\/em><br>Descargar<\/p>\n\n\n\n<div class=\"wp-block-file\"><object class=\"wp-block-file__embed\" data=\"https:\/\/www.picalab.cl\/wp-content\/uploads\/2023\/12\/THAYER2023ANA.pdf\" type=\"application\/pdf\" style=\"width:100%;height:600px\" aria-label=\"Incrustado de THAYER2023ANA.\"><\/object><a id=\"wp-block-file--media-7b006d50-874a-4752-a1ec-e0c76c689b9b\" href=\"https:\/\/www.picalab.cl\/wp-content\/uploads\/2023\/12\/THAYER2023ANA.pdf\">THAYER2023ANA<\/a><a href=\"https:\/\/www.picalab.cl\/wp-content\/uploads\/2023\/12\/THAYER2023ANA.pdf\" class=\"wp-block-file__button wp-element-button\" download aria-describedby=\"wp-block-file--media-7b006d50-874a-4752-a1ec-e0c76c689b9b\">Download<\/a><\/div>\n\n\n\n<p>Nuevas Investigaci\u00f3nes:<\/p>\n\n\n\n<p>2021<br>La formaci\u00f3n tecnol\u00f3gica del profesorado de m\u00fasica en Educaci\u00f3n Secundaria. Un estudio de intervenci\u00f3n basado en la integraci\u00f3n de contenidos musicales, tecnol\u00f3gicos y pedag\u00f3gicos en la Universidad de Valencia.<br>Descarga: <a href=\"https:\/\/revistas.um.es\/reifop\/article\/view\/442501\">https:\/\/revistas.um.es\/reifop\/article\/view\/442501<\/a><\/p>\n\n\n\n\n\n<pre class=\"wp-block-code\"><code><\/code><\/pre>\n","protected":false},"excerpt":{"rendered":"<p>Sitio antiguo 2023 :Development of intonation in stringed bowed instrument. A descriptive-exploratory study with Chilean specialist teachersDescargahttps:\/\/revistas.ufg.br\/musica\/article\/view\/76346\/40451 2023 RagaLab: an experimental prototype for mathematical exploration and musical modelling of structures based on Indian classical music theoryAn experimental prototype for mathematical exploration and musical modelling of structures based on Indian classical music theoryby\u00a0Tomas thayer,\u00a0Mirko Petrovich, and\u00a0Alejandro &hellip; <a href=\"https:\/\/www.picalab.cl\/index.php\/investigacion\/\" class=\"more-link\">Continua leyendo<span class=\"screen-reader-text\"> &#8220;Investigaci\u00f3n&#8221;<\/span><\/a><\/p>\n","protected":false},"author":2,"featured_media":0,"parent":0,"menu_order":0,"comment_status":"closed","ping_status":"closed","template":"","meta":[],"_links":{"self":[{"href":"https:\/\/www.picalab.cl\/index.php\/wp-json\/wp\/v2\/pages\/823"}],"collection":[{"href":"https:\/\/www.picalab.cl\/index.php\/wp-json\/wp\/v2\/pages"}],"about":[{"href":"https:\/\/www.picalab.cl\/index.php\/wp-json\/wp\/v2\/types\/page"}],"author":[{"embeddable":true,"href":"https:\/\/www.picalab.cl\/index.php\/wp-json\/wp\/v2\/users\/2"}],"replies":[{"embeddable":true,"href":"https:\/\/www.picalab.cl\/index.php\/wp-json\/wp\/v2\/comments?post=823"}],"version-history":[{"count":8,"href":"https:\/\/www.picalab.cl\/index.php\/wp-json\/wp\/v2\/pages\/823\/revisions"}],"predecessor-version":[{"id":1063,"href":"https:\/\/www.picalab.cl\/index.php\/wp-json\/wp\/v2\/pages\/823\/revisions\/1063"}],"wp:attachment":[{"href":"https:\/\/www.picalab.cl\/index.php\/wp-json\/wp\/v2\/media?parent=823"}],"curies":[{"name":"wp","href":"https:\/\/api.w.org\/{rel}","templated":true}]}}